{"id":1768,"date":"2022-03-21T14:05:13","date_gmt":"2022-03-21T14:05:13","guid":{"rendered":"http:\/\/www.see-marketing.de\/fotografie\/?page_id=1768"},"modified":"2022-06-22T15:11:58","modified_gmt":"2022-06-22T15:11:58","slug":"hotelfotografie-burgunderhof","status":"publish","type":"page","link":"https:\/\/www.see-marketing.de\/fotografie\/hotelfotografie-burgunderhof\/","title":{"rendered":"Hotelfotografie: Exklusiv-Hotel Burgunderhof in Hagnau"},"content":{"rendered":"<p>[et_pb_section fb_built=&#8220;1&#8243; _builder_version=&#8220;4.16&#8243; _module_preset=&#8220;default&#8220; background_color=&#8220;rgba(251,245,233,0.61)&#8220; custom_padding=&#8220;32px|||||&#8220; global_colors_info=&#8220;{}&#8220;][et_pb_row _builder_version=&#8220;4.16&#8243; _module_preset=&#8220;default&#8220; custom_padding=&#8220;0px|||||&#8220; global_colors_info=&#8220;{}&#8220;][et_pb_column type=&#8220;4_4&#8243; _builder_version=&#8220;4.16&#8243; _module_preset=&#8220;default&#8220; global_colors_info=&#8220;{}&#8220;][et_pb_text _builder_version=&#8220;4.16&#8243; _module_preset=&#8220;default&#8220; header_font=&#8220;|||on|||||&#8220; header_text_align=&#8220;left&#8220; header_font_size=&#8220;36px&#8220; header_letter_spacing=&#8220;1px&#8220; header_line_height=&#8220;2em&#8220; header_font_size_tablet=&#8220;24px&#8220; header_font_size_phone=&#8220;18px&#8220; header_font_size_last_edited=&#8220;on|phone&#8220; global_colors_info=&#8220;{}&#8220;]<\/p>\n<h1>Fotogalerie: Exklusiv-Hotel Burgunderhof<\/h1>\n<p>Der Burgunderhof in Hagnau liegt auf einem H\u00fcgel zwischen Weinbergen, mit einem traumhaften Blick auf den Bodensee. F\u00fcr die G\u00e4ste reserviert ist ein wundersch\u00f6ner Garten mit Pool.<\/p>\n<p>[\/et_pb_text][et_pb_gallery gallery_ids=&#8220;6007,6006,6009,6008,6005&#8243; gallery_orderby=&#8220;rand&#8220; fullwidth=&#8220;on&#8220; dbdb_version=&#8220;3.8.6&#8243; disabled_on=&#8220;on|off|off&#8220; _builder_version=&#8220;4.16&#8243; _module_preset=&#8220;default&#8220; auto=&#8220;on&#8220; auto_speed=&#8220;3000&#8243; global_colors_info=&#8220;{}&#8220;][\/et_pb_gallery][et_pb_code _builder_version=&#8220;4.16&#8243; _module_preset=&#8220;default&#8220; global_colors_info=&#8220;{}&#8220;]<div id=\"jig1\" class=\"justified-image-grid jig-47d00a71e315b05746a61d61ee030812 jig-preset-4 jig-source-wp-gallery jig-id-6094\"><div class=\"jig-clearfix\"><\/div><noscript id=\"jig1-html\" class=\"justified-image-grid-html\" data-lazy-src=\"skiplazyload\" data-src=\"skipunveillazyload\"><ul><li><a href=\"https:\/\/www.see-marketing.de\/fotografie\/wp-content\/uploads\/marianne-kaindl_burgunderhof_buddha-suite-1024x666.jpg\"><img loading=\"lazy\" decoding=\"async\" src=\"https:\/\/www.see-marketing.de\/fotografie\/wp-content\/plugins\/justified-image-grid\/timthumb.php?src=https%3A%2F%2Fwww.see-marketing.de%2Ffotografie%2Fwp-content%2Fuploads%2Fmarianne-kaindl_burgunderhof_buddha-suite-1024x666.jpg&amp;h=335&amp;q=90&amp;f=.jpg\" alt=\"Die Buddha-Suite - durch exklusive Fotos die Vor- und Nachsaison weit effizienter nutzen\" width=\"515\" height=\"335\" \/><\/a><p class=\"jig-HTMLdescription\">Die Buddha-Suite - durch exklusive Fotos die Vor- und Nachsaison weit effizienter nutzen<\/p><\/li><li><a href=\"https:\/\/www.see-marketing.de\/fotografie\/wp-content\/uploads\/marianne-kaindl_burgunderhof_buddha-relief-1024x683.jpg\"><img loading=\"lazy\" decoding=\"async\" src=\"https:\/\/www.see-marketing.de\/fotografie\/wp-content\/plugins\/justified-image-grid\/timthumb.php?src=https%3A%2F%2Fwww.see-marketing.de%2Ffotografie%2Fwp-content%2Fuploads%2Fmarianne-kaindl_burgunderhof_buddha-relief-1024x683.jpg&amp;h=335&amp;q=90&amp;f=.jpg\" alt=\"Mit Liebe zum Detail: Buddha-Relief\" width=\"502\" height=\"335\" \/><\/a><p class=\"jig-HTMLdescription\">Mit Liebe zum Detail: Buddha-Relief<\/p><\/li><li><a href=\"https:\/\/www.see-marketing.de\/fotografie\/wp-content\/uploads\/marianne-kaindl_burgunderhof_zimmer-1024x683.jpg\"><img loading=\"lazy\" decoding=\"async\" src=\"https:\/\/www.see-marketing.de\/fotografie\/wp-content\/plugins\/justified-image-grid\/timthumb.php?src=https%3A%2F%2Fwww.see-marketing.de%2Ffotografie%2Fwp-content%2Fuploads%2Fmarianne-kaindl_burgunderhof_zimmer-1024x683.jpg&amp;h=335&amp;q=90&amp;f=.jpg\" alt=\"Zimmer im Exklusiv-Hotel Burgunderhof\" width=\"502\" height=\"335\" \/><\/a><p class=\"jig-HTMLdescription\">Zimmer im Exklusiv-Hotel Burgunderhof<\/p><\/li><li><a href=\"https:\/\/www.see-marketing.de\/fotografie\/wp-content\/uploads\/marianne-kaindl_burgunderhof_einzelzimmer-1024x683.jpg\"><img loading=\"lazy\" decoding=\"async\" src=\"https:\/\/www.see-marketing.de\/fotografie\/wp-content\/plugins\/justified-image-grid\/timthumb.php?src=https%3A%2F%2Fwww.see-marketing.de%2Ffotografie%2Fwp-content%2Fuploads%2Fmarianne-kaindl_burgunderhof_einzelzimmer-1024x683.jpg&amp;h=335&amp;q=90&amp;f=.jpg\" alt=\"Zimmer im Exklusiv-Hotel Burgunderhof\" width=\"502\" height=\"335\" \/><\/a><p class=\"jig-HTMLdescription\">Zimmer im Exklusiv-Hotel Burgunderhof<\/p><\/li><li><a href=\"https:\/\/www.see-marketing.de\/fotografie\/wp-content\/uploads\/marianne-kaindl_burgunderhof-1024x671.jpg\"><img loading=\"lazy\" decoding=\"async\" src=\"https:\/\/www.see-marketing.de\/fotografie\/wp-content\/plugins\/justified-image-grid\/timthumb.php?src=https%3A%2F%2Fwww.see-marketing.de%2Ffotografie%2Fwp-content%2Fuploads%2Fmarianne-kaindl_burgunderhof-1024x671.jpg&amp;h=335&amp;q=90&amp;f=.jpg\" alt=\"Willkommen im Burgunderhof\" width=\"511\" height=\"335\" \/><\/a><p class=\"jig-HTMLdescription\">Willkommen im Burgunderhof<\/p><\/li><\/ul><\/noscript><\/div>[\/et_pb_code][et_pb_text _builder_version=&#8220;4.16&#8243; _module_preset=&#8220;default&#8220; header_font=&#8220;|||on|||||&#8220; header_text_align=&#8220;left&#8220; header_font_size=&#8220;36px&#8220; header_letter_spacing=&#8220;1px&#8220; header_line_height=&#8220;2em&#8220; header_font_size_tablet=&#8220;24px&#8220; header_font_size_phone=&#8220;18px&#8220; header_font_size_last_edited=&#8220;on|phone&#8220; global_colors_info=&#8220;{}&#8220;]<\/p>\n<p>Website: <a href=\"https:\/\/burgunderhof.de\/\" target=\"_blank\" rel=\"noopener\">https:\/\/burgunderhof.de\/<\/a><a href=\"https:\/\/www.see-marketing.de\/fotografie\/bodensee-impressionen\/\"><\/a><\/p>\n<p>[\/et_pb_text][et_pb_divider _builder_version=&#8220;4.16&#8243; _module_preset=&#8220;default&#8220; global_colors_info=&#8220;{}&#8220;][\/et_pb_divider][et_pb_text _builder_version=&#8220;4.17.4&#8243; _module_preset=&#8220;default&#8220; header_font=&#8220;|||on|||||&#8220; header_text_align=&#8220;left&#8220; header_font_size=&#8220;36px&#8220; header_letter_spacing=&#8220;1px&#8220; header_line_height=&#8220;2em&#8220; hover_enabled=&#8220;0&#8243; header_font_size_tablet=&#8220;24px&#8220; header_font_size_phone=&#8220;18px&#8220; header_font_size_last_edited=&#8220;on|phone&#8220; global_colors_info=&#8220;{}&#8220; sticky_enabled=&#8220;0&#8243;]<\/p>\n<p><a href=\"https:\/\/www.see-marketing.de\/fotografie\/bodensee-impressionen\/\">Foto-Galerie &#8222;Bodensee-Impressionen&#8220;<\/a><br \/><a href=\"https:\/\/www.see-marketing.de\/fotografie\/hotelfotografie-restaurant\/\">Foto-Galerie &#8222;Restaurants, Ambiente, G\u00e4rten&#8220;<\/a><br \/><a href=\"https:\/\/www.see-marketing.de\/fotografie\/schloss-elmau\/\">Foto-Workshop in Schloss Elmau<\/a><\/p>\n<p>[\/et_pb_text][\/et_pb_column][\/et_pb_row][et_pb_row _builder_version=&#8220;4.16&#8243; _module_preset=&#8220;default&#8220; custom_padding=&#8220;100px|||||&#8220; global_colors_info=&#8220;{}&#8220;][et_pb_column type=&#8220;4_4&#8243; _builder_version=&#8220;4.16&#8243; _module_preset=&#8220;default&#8220; global_colors_info=&#8220;{}&#8220;][et_pb_button button_url=&#8220;https:\/\/www.see-marketing.de\/fotografie\/ueberblick-ueber-die-foto-galerien-dieser-website\/&#8220; button_text=&#8220;zur Galerien-\u00dcbersicht&#8220; button_alignment=&#8220;center&#8220; _builder_version=&#8220;4.16&#8243; _module_preset=&#8220;bd80ac75-c9b8-4736-af98-26b1dc258cc0&#8243; custom_button=&#8220;on&#8220; button_text_size=&#8220;14px&#8220; button_text_color=&#8220;#FFFFFF&#8220; button_bg_color=&#8220;#515845&#8243; button_border_width=&#8220;0px&#8220; button_border_radius=&#8220;0px&#8220; button_letter_spacing=&#8220;3px&#8220; button_font=&#8220;|700||on|||||&#8220; background_layout=&#8220;dark&#8220; custom_padding=&#8220;16px|32px|16px|32px|true|true&#8220; global_colors_info=&#8220;{}&#8220; button_bg_color__hover=&#8220;#000000&#8243; button_bg_color__hover_enabled=&#8220;on|desktop&#8220; button_text_color__hover=&#8220;#D6B170&#8243; button_text_color__hover_enabled=&#8220;on|desktop&#8220; button_bg_enable_color__hover=&#8220;on&#8220;][\/et_pb_button][\/et_pb_column][\/et_pb_row][\/et_pb_section]<\/p>\n","protected":false},"excerpt":{"rendered":"<p>Fotogalerie: Exklusiv-Hotel Burgunderhof Der Burgunderhof in Hagnau liegt auf einem H\u00fcgel zwischen Weinbergen, mit einem traumhaften Blick auf den Bodensee. F\u00fcr die G\u00e4ste reserviert ist ein wundersch\u00f6ner Garten mit Pool.<div id=\"jig2\" class=\"justified-image-grid jig-47d00a71e315b05746a61d61ee030812 jig-preset-4 jig-source-wp-gallery jig-id-6094\"><div class=\"jig-clearfix\"><\/div><noscript id=\"jig2-html\" class=\"justified-image-grid-html\" data-lazy-src=\"skiplazyload\" data-src=\"skipunveillazyload\"><ul><li><a href=\"https:\/\/www.see-marketing.de\/fotografie\/wp-content\/uploads\/marianne-kaindl_burgunderhof_buddha-suite-1024x666.jpg\"><img loading=\"lazy\" decoding=\"async\" src=\"https:\/\/www.see-marketing.de\/fotografie\/wp-content\/plugins\/justified-image-grid\/timthumb.php?src=https%3A%2F%2Fwww.see-marketing.de%2Ffotografie%2Fwp-content%2Fuploads%2Fmarianne-kaindl_burgunderhof_buddha-suite-1024x666.jpg&amp;h=335&amp;q=90&amp;f=.jpg\" alt=\"Die Buddha-Suite - durch exklusive Fotos die Vor- und Nachsaison weit effizienter nutzen\" width=\"515\" height=\"335\" \/><\/a><p class=\"jig-HTMLdescription\">Die Buddha-Suite - durch exklusive Fotos die Vor- und Nachsaison weit effizienter nutzen<\/p><\/li><li><a href=\"https:\/\/www.see-marketing.de\/fotografie\/wp-content\/uploads\/marianne-kaindl_burgunderhof_buddha-relief-1024x683.jpg\"><img loading=\"lazy\" decoding=\"async\" src=\"https:\/\/www.see-marketing.de\/fotografie\/wp-content\/plugins\/justified-image-grid\/timthumb.php?src=https%3A%2F%2Fwww.see-marketing.de%2Ffotografie%2Fwp-content%2Fuploads%2Fmarianne-kaindl_burgunderhof_buddha-relief-1024x683.jpg&amp;h=335&amp;q=90&amp;f=.jpg\" alt=\"Mit Liebe zum Detail: Buddha-Relief\" width=\"502\" height=\"335\" \/><\/a><p class=\"jig-HTMLdescription\">Mit Liebe zum Detail: Buddha-Relief<\/p><\/li><li><a href=\"https:\/\/www.see-marketing.de\/fotografie\/wp-content\/uploads\/marianne-kaindl_burgunderhof_zimmer-1024x683.jpg\"><img loading=\"lazy\" decoding=\"async\" src=\"https:\/\/www.see-marketing.de\/fotografie\/wp-content\/plugins\/justified-image-grid\/timthumb.php?src=https%3A%2F%2Fwww.see-marketing.de%2Ffotografie%2Fwp-content%2Fuploads%2Fmarianne-kaindl_burgunderhof_zimmer-1024x683.jpg&amp;h=335&amp;q=90&amp;f=.jpg\" alt=\"Zimmer im Exklusiv-Hotel Burgunderhof\" width=\"502\" height=\"335\" \/><\/a><p class=\"jig-HTMLdescription\">Zimmer im Exklusiv-Hotel Burgunderhof<\/p><\/li><li><a href=\"https:\/\/www.see-marketing.de\/fotografie\/wp-content\/uploads\/marianne-kaindl_burgunderhof_einzelzimmer-1024x683.jpg\"><img loading=\"lazy\" decoding=\"async\" src=\"https:\/\/www.see-marketing.de\/fotografie\/wp-content\/plugins\/justified-image-grid\/timthumb.php?src=https%3A%2F%2Fwww.see-marketing.de%2Ffotografie%2Fwp-content%2Fuploads%2Fmarianne-kaindl_burgunderhof_einzelzimmer-1024x683.jpg&amp;h=335&amp;q=90&amp;f=.jpg\" alt=\"Zimmer im Exklusiv-Hotel Burgunderhof\" width=\"502\" height=\"335\" \/><\/a><p class=\"jig-HTMLdescription\">Zimmer im Exklusiv-Hotel Burgunderhof<\/p><\/li><li><a href=\"https:\/\/www.see-marketing.de\/fotografie\/wp-content\/uploads\/marianne-kaindl_burgunderhof-1024x671.jpg\"><img loading=\"lazy\" decoding=\"async\" src=\"https:\/\/www.see-marketing.de\/fotografie\/wp-content\/plugins\/justified-image-grid\/timthumb.php?src=https%3A%2F%2Fwww.see-marketing.de%2Ffotografie%2Fwp-content%2Fuploads%2Fmarianne-kaindl_burgunderhof-1024x671.jpg&amp;h=335&amp;q=90&amp;f=.jpg\" alt=\"Willkommen im Burgunderhof\" width=\"511\" height=\"335\" \/><\/a><p class=\"jig-HTMLdescription\">Willkommen im Burgunderhof<\/p><\/li><\/ul><\/noscript><\/div>Website: https:\/\/burgunderhof.de\/Foto-Galerie &#8222;Bodensee-Impressionen&#8220;Foto-Galerie &#8222;Restaurants, Ambiente, G\u00e4rten&#8220;Foto-Workshop in Schloss Elmau<\/p>\n","protected":false},"author":1,"featured_media":6007,"parent":0,"menu_order":0,"comment_status":"closed","ping_status":"closed","template":"","meta":{"_et_pb_use_builder":"on","_et_pb_old_content":"","_et_gb_content_width":"","footnotes":""},"class_list":["post-1768","page","type-page","status-publish","has-post-thumbnail","hentry"],"yoast_head":"<!-- This site is optimized with the Yoast SEO plugin v27.5 - https:\/\/yoast.com\/product\/yoast-seo-wordpress\/ -->\n<title>Hotelfotografie: Exklusiv-Hotel Burgunderhof in Hagnau | Marianne Kaindl - Fotografie: Businessportr\u00e4ts, Hotelfotografie, KI-Art<\/title>\n<meta name=\"description\" content=\"Ein exklusives Hotel in den Weinbergen oberhalb von Hagnau am Bodensee. Ich fotografierte dort f\u00fcr die Werbemedien des Hotels und seine Pressearbeit.\" \/>\n<meta name=\"robots\" content=\"index, follow, max-snippet:-1, max-image-preview:large, max-video-preview:-1\" \/>\n<link rel=\"canonical\" href=\"https:\/\/www.see-marketing.de\/fotografie\/hotelfotografie-burgunderhof\/\" \/>\n<meta property=\"og:locale\" content=\"de_DE\" \/>\n<meta property=\"og:type\" content=\"article\" \/>\n<meta property=\"og:title\" content=\"Hotelfotografie: Exklusiv-Hotel Burgunderhof in Hagnau | Marianne Kaindl - Fotografie: Businessportr\u00e4ts, Hotelfotografie, KI-Art\" \/>\n<meta property=\"og:description\" content=\"Ein exklusives Hotel in den Weinbergen oberhalb von Hagnau am Bodensee. Ich fotografierte dort f\u00fcr die Werbemedien des Hotels und seine Pressearbeit.\" \/>\n<meta property=\"og:url\" content=\"https:\/\/www.see-marketing.de\/fotografie\/hotelfotografie-burgunderhof\/\" \/>\n<meta property=\"og:site_name\" content=\"Marianne Kaindl - Fotografie: Businessportr\u00e4ts, Hotelfotografie, KI-Art\" \/>\n<meta property=\"article:publisher\" content=\"https:\/\/www.facebook.com\/marianne.kaindl\" \/>\n<meta property=\"article:modified_time\" content=\"2022-06-22T15:11:58+00:00\" \/>\n<meta property=\"og:image\" content=\"https:\/\/www.see-marketing.de\/fotografie\/wp-content\/uploads\/marianne-kaindl_burgunderhof_buddha-suite.jpg\" \/>\n\t<meta property=\"og:image:width\" content=\"1537\" \/>\n\t<meta property=\"og:image:height\" content=\"1000\" \/>\n\t<meta property=\"og:image:type\" content=\"image\/jpeg\" \/>\n<meta name=\"twitter:card\" content=\"summary_large_image\" \/>\n<meta name=\"twitter:label1\" content=\"Gesch\u00e4tzte Lesezeit\" \/>\n\t<meta name=\"twitter:data1\" content=\"2\u00a0Minuten\" \/>\n<script type=\"application\/ld+json\" class=\"yoast-schema-graph\">{\"@context\":\"https:\\\/\\\/schema.org\",\"@graph\":[{\"@type\":\"WebPage\",\"@id\":\"https:\\\/\\\/www.see-marketing.de\\\/fotografie\\\/hotelfotografie-burgunderhof\\\/\",\"url\":\"https:\\\/\\\/www.see-marketing.de\\\/fotografie\\\/hotelfotografie-burgunderhof\\\/\",\"name\":\"Hotelfotografie: Exklusiv-Hotel Burgunderhof in Hagnau | Marianne Kaindl - Fotografie: Businessportr\u00e4ts, Hotelfotografie, KI-Art\",\"isPartOf\":{\"@id\":\"https:\\\/\\\/www.see-marketing.de\\\/fotografie\\\/#website\"},\"primaryImageOfPage\":{\"@id\":\"https:\\\/\\\/www.see-marketing.de\\\/fotografie\\\/hotelfotografie-burgunderhof\\\/#primaryimage\"},\"image\":{\"@id\":\"https:\\\/\\\/www.see-marketing.de\\\/fotografie\\\/hotelfotografie-burgunderhof\\\/#primaryimage\"},\"thumbnailUrl\":\"https:\\\/\\\/www.see-marketing.de\\\/fotografie\\\/wp-content\\\/uploads\\\/marianne-kaindl_burgunderhof_buddha-suite.jpg\",\"datePublished\":\"2022-03-21T14:05:13+00:00\",\"dateModified\":\"2022-06-22T15:11:58+00:00\",\"description\":\"Ein exklusives Hotel in den Weinbergen oberhalb von Hagnau am Bodensee. Ich fotografierte dort f\u00fcr die Werbemedien des Hotels und seine Pressearbeit.\",\"breadcrumb\":{\"@id\":\"https:\\\/\\\/www.see-marketing.de\\\/fotografie\\\/hotelfotografie-burgunderhof\\\/#breadcrumb\"},\"inLanguage\":\"de\",\"potentialAction\":[{\"@type\":\"ReadAction\",\"target\":[\"https:\\\/\\\/www.see-marketing.de\\\/fotografie\\\/hotelfotografie-burgunderhof\\\/\"]}]},{\"@type\":\"ImageObject\",\"inLanguage\":\"de\",\"@id\":\"https:\\\/\\\/www.see-marketing.de\\\/fotografie\\\/hotelfotografie-burgunderhof\\\/#primaryimage\",\"url\":\"https:\\\/\\\/www.see-marketing.de\\\/fotografie\\\/wp-content\\\/uploads\\\/marianne-kaindl_burgunderhof_buddha-suite.jpg\",\"contentUrl\":\"https:\\\/\\\/www.see-marketing.de\\\/fotografie\\\/wp-content\\\/uploads\\\/marianne-kaindl_burgunderhof_buddha-suite.jpg\",\"width\":1537,\"height\":1000,\"caption\":\"Die Buddha-Suite\"},{\"@type\":\"BreadcrumbList\",\"@id\":\"https:\\\/\\\/www.see-marketing.de\\\/fotografie\\\/hotelfotografie-burgunderhof\\\/#breadcrumb\",\"itemListElement\":[{\"@type\":\"ListItem\",\"position\":1,\"name\":\"Startseite\",\"item\":\"https:\\\/\\\/www.see-marketing.de\\\/fotografie\\\/\"},{\"@type\":\"ListItem\",\"position\":2,\"name\":\"Hotelfotografie: Exklusiv-Hotel Burgunderhof in Hagnau\"}]},{\"@type\":\"WebSite\",\"@id\":\"https:\\\/\\\/www.see-marketing.de\\\/fotografie\\\/#website\",\"url\":\"https:\\\/\\\/www.see-marketing.de\\\/fotografie\\\/\",\"name\":\"Marianne Kaindl - Fotografie: Businessportr\u00e4ts, Hotelfotografie, KI-Art\",\"description\":\"Fotos, die verzaubern und verkaufen\",\"publisher\":{\"@id\":\"https:\\\/\\\/www.see-marketing.de\\\/fotografie\\\/#organization\"},\"potentialAction\":[{\"@type\":\"SearchAction\",\"target\":{\"@type\":\"EntryPoint\",\"urlTemplate\":\"https:\\\/\\\/www.see-marketing.de\\\/fotografie\\\/?s={search_term_string}\"},\"query-input\":{\"@type\":\"PropertyValueSpecification\",\"valueRequired\":true,\"valueName\":\"search_term_string\"}}],\"inLanguage\":\"de\"},{\"@type\":\"Organization\",\"@id\":\"https:\\\/\\\/www.see-marketing.de\\\/fotografie\\\/#organization\",\"name\":\"See-Marketing\",\"url\":\"https:\\\/\\\/www.see-marketing.de\\\/fotografie\\\/\",\"logo\":{\"@type\":\"ImageObject\",\"inLanguage\":\"de\",\"@id\":\"https:\\\/\\\/www.see-marketing.de\\\/fotografie\\\/#\\\/schema\\\/logo\\\/image\\\/\",\"url\":\"https:\\\/\\\/www.see-marketing.de\\\/fotografie\\\/wp-content\\\/uploads\\\/mk_seemarketing.png\",\"contentUrl\":\"https:\\\/\\\/www.see-marketing.de\\\/fotografie\\\/wp-content\\\/uploads\\\/mk_seemarketing.png\",\"width\":400,\"height\":100,\"caption\":\"See-Marketing\"},\"image\":{\"@id\":\"https:\\\/\\\/www.see-marketing.de\\\/fotografie\\\/#\\\/schema\\\/logo\\\/image\\\/\"},\"sameAs\":[\"https:\\\/\\\/www.facebook.com\\\/marianne.kaindl\"]}]}<\/script>\n<!-- \/ Yoast SEO plugin. -->","yoast_head_json":{"title":"Hotelfotografie: Exklusiv-Hotel Burgunderhof in Hagnau | Marianne Kaindl - Fotografie: Businessportr\u00e4ts, Hotelfotografie, KI-Art","description":"Ein exklusives Hotel in den Weinbergen oberhalb von Hagnau am Bodensee. Ich fotografierte dort f\u00fcr die Werbemedien des Hotels und seine Pressearbeit.","robots":{"index":"index","follow":"follow","max-snippet":"max-snippet:-1","max-image-preview":"max-image-preview:large","max-video-preview":"max-video-preview:-1"},"canonical":"https:\/\/www.see-marketing.de\/fotografie\/hotelfotografie-burgunderhof\/","og_locale":"de_DE","og_type":"article","og_title":"Hotelfotografie: Exklusiv-Hotel Burgunderhof in Hagnau | Marianne Kaindl - Fotografie: Businessportr\u00e4ts, Hotelfotografie, KI-Art","og_description":"Ein exklusives Hotel in den Weinbergen oberhalb von Hagnau am Bodensee. Ich fotografierte dort f\u00fcr die Werbemedien des Hotels und seine Pressearbeit.","og_url":"https:\/\/www.see-marketing.de\/fotografie\/hotelfotografie-burgunderhof\/","og_site_name":"Marianne Kaindl - Fotografie: Businessportr\u00e4ts, Hotelfotografie, KI-Art","article_publisher":"https:\/\/www.facebook.com\/marianne.kaindl","article_modified_time":"2022-06-22T15:11:58+00:00","og_image":[{"width":1537,"height":1000,"url":"https:\/\/www.see-marketing.de\/fotografie\/wp-content\/uploads\/marianne-kaindl_burgunderhof_buddha-suite.jpg","type":"image\/jpeg"}],"twitter_card":"summary_large_image","twitter_misc":{"Gesch\u00e4tzte Lesezeit":"2\u00a0Minuten"},"schema":{"@context":"https:\/\/schema.org","@graph":[{"@type":"WebPage","@id":"https:\/\/www.see-marketing.de\/fotografie\/hotelfotografie-burgunderhof\/","url":"https:\/\/www.see-marketing.de\/fotografie\/hotelfotografie-burgunderhof\/","name":"Hotelfotografie: Exklusiv-Hotel Burgunderhof in Hagnau | Marianne Kaindl - Fotografie: Businessportr\u00e4ts, Hotelfotografie, KI-Art","isPartOf":{"@id":"https:\/\/www.see-marketing.de\/fotografie\/#website"},"primaryImageOfPage":{"@id":"https:\/\/www.see-marketing.de\/fotografie\/hotelfotografie-burgunderhof\/#primaryimage"},"image":{"@id":"https:\/\/www.see-marketing.de\/fotografie\/hotelfotografie-burgunderhof\/#primaryimage"},"thumbnailUrl":"https:\/\/www.see-marketing.de\/fotografie\/wp-content\/uploads\/marianne-kaindl_burgunderhof_buddha-suite.jpg","datePublished":"2022-03-21T14:05:13+00:00","dateModified":"2022-06-22T15:11:58+00:00","description":"Ein exklusives Hotel in den Weinbergen oberhalb von Hagnau am Bodensee. Ich fotografierte dort f\u00fcr die Werbemedien des Hotels und seine Pressearbeit.","breadcrumb":{"@id":"https:\/\/www.see-marketing.de\/fotografie\/hotelfotografie-burgunderhof\/#breadcrumb"},"inLanguage":"de","potentialAction":[{"@type":"ReadAction","target":["https:\/\/www.see-marketing.de\/fotografie\/hotelfotografie-burgunderhof\/"]}]},{"@type":"ImageObject","inLanguage":"de","@id":"https:\/\/www.see-marketing.de\/fotografie\/hotelfotografie-burgunderhof\/#primaryimage","url":"https:\/\/www.see-marketing.de\/fotografie\/wp-content\/uploads\/marianne-kaindl_burgunderhof_buddha-suite.jpg","contentUrl":"https:\/\/www.see-marketing.de\/fotografie\/wp-content\/uploads\/marianne-kaindl_burgunderhof_buddha-suite.jpg","width":1537,"height":1000,"caption":"Die Buddha-Suite"},{"@type":"BreadcrumbList","@id":"https:\/\/www.see-marketing.de\/fotografie\/hotelfotografie-burgunderhof\/#breadcrumb","itemListElement":[{"@type":"ListItem","position":1,"name":"Startseite","item":"https:\/\/www.see-marketing.de\/fotografie\/"},{"@type":"ListItem","position":2,"name":"Hotelfotografie: Exklusiv-Hotel Burgunderhof in Hagnau"}]},{"@type":"WebSite","@id":"https:\/\/www.see-marketing.de\/fotografie\/#website","url":"https:\/\/www.see-marketing.de\/fotografie\/","name":"Marianne Kaindl - Fotografie: Businessportr\u00e4ts, Hotelfotografie, KI-Art","description":"Fotos, die verzaubern und verkaufen","publisher":{"@id":"https:\/\/www.see-marketing.de\/fotografie\/#organization"},"potentialAction":[{"@type":"SearchAction","target":{"@type":"EntryPoint","urlTemplate":"https:\/\/www.see-marketing.de\/fotografie\/?s={search_term_string}"},"query-input":{"@type":"PropertyValueSpecification","valueRequired":true,"valueName":"search_term_string"}}],"inLanguage":"de"},{"@type":"Organization","@id":"https:\/\/www.see-marketing.de\/fotografie\/#organization","name":"See-Marketing","url":"https:\/\/www.see-marketing.de\/fotografie\/","logo":{"@type":"ImageObject","inLanguage":"de","@id":"https:\/\/www.see-marketing.de\/fotografie\/#\/schema\/logo\/image\/","url":"https:\/\/www.see-marketing.de\/fotografie\/wp-content\/uploads\/mk_seemarketing.png","contentUrl":"https:\/\/www.see-marketing.de\/fotografie\/wp-content\/uploads\/mk_seemarketing.png","width":400,"height":100,"caption":"See-Marketing"},"image":{"@id":"https:\/\/www.see-marketing.de\/fotografie\/#\/schema\/logo\/image\/"},"sameAs":["https:\/\/www.facebook.com\/marianne.kaindl"]}]}},"_links":{"self":[{"href":"https:\/\/www.see-marketing.de\/fotografie\/wp-json\/wp\/v2\/pages\/1768","targetHints":{"allow":["GET"]}}],"collection":[{"href":"https:\/\/www.see-marketing.de\/fotografie\/wp-json\/wp\/v2\/pages"}],"about":[{"href":"https:\/\/www.see-marketing.de\/fotografie\/wp-json\/wp\/v2\/types\/page"}],"author":[{"embeddable":true,"href":"https:\/\/www.see-marketing.de\/fotografie\/wp-json\/wp\/v2\/users\/1"}],"replies":[{"embeddable":true,"href":"https:\/\/www.see-marketing.de\/fotografie\/wp-json\/wp\/v2\/comments?post=1768"}],"version-history":[{"count":0,"href":"https:\/\/www.see-marketing.de\/fotografie\/wp-json\/wp\/v2\/pages\/1768\/revisions"}],"wp:featuredmedia":[{"embeddable":true,"href":"https:\/\/www.see-marketing.de\/fotografie\/wp-json\/wp\/v2\/media\/6007"}],"wp:attachment":[{"href":"https:\/\/www.see-marketing.de\/fotografie\/wp-json\/wp\/v2\/media?parent=1768"}],"curies":[{"name":"wp","href":"https:\/\/api.w.org\/{rel}","templated":true}]}}