{"id":6598,"date":"2022-06-21T13:41:49","date_gmt":"2022-06-21T13:41:49","guid":{"rendered":"https:\/\/www.see-marketing.de\/fotografie\/?page_id=6598"},"modified":"2022-06-30T13:25:41","modified_gmt":"2022-06-30T13:25:41","slug":"hotelfotografie-rebstock-stetten","status":"publish","type":"page","link":"https:\/\/www.see-marketing.de\/fotografie\/hotelfotografie-rebstock-stetten\/","title":{"rendered":"Hotelfotografie: Gasthof Rebstock in Stetten bei Meersburg"},"content":{"rendered":"<p>[et_pb_section fb_built=&#8220;1&#8243; _builder_version=&#8220;4.16&#8243; _module_preset=&#8220;default&#8220; background_color=&#8220;rgba(251,245,233,0.61)&#8220; custom_padding=&#8220;32px|||||&#8220; global_colors_info=&#8220;{}&#8220;][et_pb_row _builder_version=&#8220;4.17.4&#8243; _module_preset=&#8220;default&#8220; custom_padding=&#8220;0px|||||&#8220; global_colors_info=&#8220;{}&#8220;][et_pb_column type=&#8220;4_4&#8243; _builder_version=&#8220;4.16&#8243; _module_preset=&#8220;default&#8220; global_colors_info=&#8220;{}&#8220;][et_pb_text _builder_version=&#8220;4.17.4&#8243; _module_preset=&#8220;default&#8220; header_font=&#8220;|||on|||||&#8220; header_text_align=&#8220;left&#8220; header_font_size=&#8220;36px&#8220; header_letter_spacing=&#8220;1px&#8220; header_line_height=&#8220;2em&#8220; header_font_size_tablet=&#8220;24px&#8220; header_font_size_phone=&#8220;18px&#8220; header_font_size_last_edited=&#8220;on|phone&#8220; global_colors_info=&#8220;{}&#8220;]<\/p>\n<h1>Fotogalerie: Rebstock &#8211; ein gutb\u00fcrgerlicher Gasthof auf dem Land<\/h1>\n<p>Etwas oberhalb von Meersburg, in dem von Weinbergen umgebenen D\u00f6rfchen Stetten liegt der &#8222;Rebstock&#8220;. Ein bodenst\u00e4ndiger Gasthof mit preisg\u00fcnstigen Zimmern, einer gutb\u00fcrgerlichen, schmackhaften K\u00fcche und einer sehr freundlichen Gastgeberin.<\/p>\n<p>F\u00fcr den &#8222;Rebstock&#8220; fotografiere ich, halte die Website (die ich auch erstellt habe) auf dem aktuellen Stand, mache die Eintr\u00e4ge bei booking.com und poste, wenn es etwas Neues gibt, dies auch auf Facebook.<\/p>\n<p>Die Inhaberin findet es \u00e4u\u00dferst n\u00fctzlich, eine Werbeagentur &#8222;auf Zuruf&#8220; zu haben, die sie entlastet und die mitdenkt.\u00a0<\/p>\n<p>[\/et_pb_text][et_pb_gallery gallery_ids=&#8220;6587,6588,6590,6591,6589,6592,6594,6593&#8243; fullwidth=&#8220;on&#8220; dbdb_version=&#8220;3.9.1&#8243; disabled_on=&#8220;on|off|off&#8220; _builder_version=&#8220;4.17.4&#8243; _module_preset=&#8220;default&#8220; auto=&#8220;on&#8220; auto_speed=&#8220;3000&#8243; global_colors_info=&#8220;{}&#8220;][\/et_pb_gallery][et_pb_code _builder_version=&#8220;4.17.4&#8243; _module_preset=&#8220;default&#8220; global_colors_info=&#8220;{}&#8220;]<div id=\"jig1\" class=\"justified-image-grid jig-b0a3a834b136e1de82b3b6aab7de0349 jig-preset-4 jig-source-wp-gallery jig-id-6586\"><div class=\"jig-clearfix\"><\/div><noscript id=\"jig1-html\" class=\"justified-image-grid-html\" data-lazy-src=\"skiplazyload\" data-src=\"skipunveillazyload\"><ul><li><a href=\"https:\/\/www.see-marketing.de\/fotografie\/wp-content\/uploads\/rebstock_aussen-1024x683.jpg\"><img loading=\"lazy\" decoding=\"async\" src=\"https:\/\/www.see-marketing.de\/fotografie\/wp-content\/plugins\/justified-image-grid\/timthumb.php?src=https%3A%2F%2Fwww.see-marketing.de%2Ffotografie%2Fwp-content%2Fuploads%2Frebstock_aussen-1024x683.jpg&amp;h=335&amp;q=90&amp;f=.jpg\" alt=\"Der Gasthof Rebstock in Stetten bei Meersburg am Bodensee\" width=\"502\" height=\"335\" \/><\/a><p class=\"jig-HTMLdescription\">Der Gasthof Rebstock in Stetten bei Meersburg am Bodensee<\/p><\/li><li><a href=\"https:\/\/www.see-marketing.de\/fotografie\/wp-content\/uploads\/rebstock_restaurant-1024x683.jpg\"><img loading=\"lazy\" decoding=\"async\" src=\"https:\/\/www.see-marketing.de\/fotografie\/wp-content\/plugins\/justified-image-grid\/timthumb.php?src=https%3A%2F%2Fwww.see-marketing.de%2Ffotografie%2Fwp-content%2Fuploads%2Frebstock_restaurant-1024x683.jpg&amp;h=335&amp;q=90&amp;f=.jpg\" alt=\"Gasthof Rebstock: Restaurant\" width=\"502\" height=\"335\" \/><\/a><p class=\"jig-HTMLdescription\">Gasthof Rebstock: Restaurant<\/p><\/li><li><a href=\"https:\/\/www.see-marketing.de\/fotografie\/wp-content\/uploads\/rebstock_theke-1024x683.jpg\"><img loading=\"lazy\" decoding=\"async\" src=\"https:\/\/www.see-marketing.de\/fotografie\/wp-content\/plugins\/justified-image-grid\/timthumb.php?src=https%3A%2F%2Fwww.see-marketing.de%2Ffotografie%2Fwp-content%2Fuploads%2Frebstock_theke-1024x683.jpg&amp;h=335&amp;q=90&amp;f=.jpg\" alt=\"Gasthof Rebstock: Theke im Restaurant\" width=\"502\" height=\"335\" \/><\/a><p class=\"jig-HTMLdescription\">Gasthof Rebstock: Theke im Restaurant<\/p><\/li><li><a href=\"https:\/\/www.see-marketing.de\/fotografie\/wp-content\/uploads\/rebstock_fruehstueck-1024x683.jpg\"><img loading=\"lazy\" decoding=\"async\" src=\"https:\/\/www.see-marketing.de\/fotografie\/wp-content\/plugins\/justified-image-grid\/timthumb.php?src=https%3A%2F%2Fwww.see-marketing.de%2Ffotografie%2Fwp-content%2Fuploads%2Frebstock_fruehstueck-1024x683.jpg&amp;h=335&amp;q=90&amp;f=.jpg\" alt=\"Gasthof Rebstock - Fr\u00fchst\u00fccksb\u00fcffet (Detail)\" width=\"502\" height=\"335\" \/><\/a><p class=\"jig-HTMLdescription\">Gasthof Rebstock - Fr\u00fchst\u00fccksb\u00fcffet (Detail)<\/p><\/li><li><a href=\"https:\/\/www.see-marketing.de\/fotografie\/wp-content\/uploads\/rebstock_zimmer-1024x683.jpg\"><img loading=\"lazy\" decoding=\"async\" src=\"https:\/\/www.see-marketing.de\/fotografie\/wp-content\/plugins\/justified-image-grid\/timthumb.php?src=https%3A%2F%2Fwww.see-marketing.de%2Ffotografie%2Fwp-content%2Fuploads%2Frebstock_zimmer-1024x683.jpg&amp;h=335&amp;q=90&amp;f=.jpg\" alt=\"Gasthof Rebstock - Blaues Zimmer\" width=\"502\" height=\"335\" \/><\/a><p class=\"jig-HTMLdescription\">Gasthof Rebstock - Blaues Zimmer<\/p><\/li><li><a href=\"https:\/\/www.see-marketing.de\/fotografie\/wp-content\/uploads\/rebstock-bad-1024x683.jpg\"><img loading=\"lazy\" decoding=\"async\" src=\"https:\/\/www.see-marketing.de\/fotografie\/wp-content\/plugins\/justified-image-grid\/timthumb.php?src=https%3A%2F%2Fwww.see-marketing.de%2Ffotografie%2Fwp-content%2Fuploads%2Frebstock-bad-1024x683.jpg&amp;h=335&amp;q=90&amp;f=.jpg\" alt=\"Gasthof Rebstock - Bad\" width=\"502\" height=\"335\" \/><\/a><p class=\"jig-HTMLdescription\">Gasthof Rebstock - Bad<\/p><\/li><li><a href=\"https:\/\/www.see-marketing.de\/fotografie\/wp-content\/uploads\/rebstock_zimmer_postproduction-1024x683.jpg\"><img loading=\"lazy\" decoding=\"async\" src=\"https:\/\/www.see-marketing.de\/fotografie\/wp-content\/plugins\/justified-image-grid\/timthumb.php?src=https%3A%2F%2Fwww.see-marketing.de%2Ffotografie%2Fwp-content%2Fuploads%2Frebstock_zimmer_postproduction-1024x683.jpg&amp;h=335&amp;q=90&amp;f=.jpg\" alt=\"Gasthof Rebstock - Zimmer (Postproduction)\" width=\"502\" height=\"335\" \/><\/a><p class=\"jig-HTMLdescription\">Gasthof Rebstock - Zimmer (Postproduction)<\/p><\/li><li><a href=\"https:\/\/www.see-marketing.de\/fotografie\/wp-content\/uploads\/rebstock_biergarten-1024x683.jpg\"><img loading=\"lazy\" decoding=\"async\" src=\"https:\/\/www.see-marketing.de\/fotografie\/wp-content\/plugins\/justified-image-grid\/timthumb.php?src=https%3A%2F%2Fwww.see-marketing.de%2Ffotografie%2Fwp-content%2Fuploads%2Frebstock_biergarten-1024x683.jpg&amp;h=335&amp;q=90&amp;f=.jpg\" alt=\"Gasthof Rebstock - Biergarten\" width=\"502\" height=\"335\" \/><\/a><p class=\"jig-HTMLdescription\">Gasthof Rebstock - Biergarten<\/p><\/li><\/ul><\/noscript><\/div>[\/et_pb_code][et_pb_text _builder_version=&#8220;4.17.4&#8243; _module_preset=&#8220;default&#8220; header_font=&#8220;|||on|||||&#8220; header_text_align=&#8220;left&#8220; header_font_size=&#8220;36px&#8220; header_letter_spacing=&#8220;1px&#8220; header_line_height=&#8220;2em&#8220; header_font_size_tablet=&#8220;24px&#8220; header_font_size_phone=&#8220;18px&#8220; header_font_size_last_edited=&#8220;on|phone&#8220; global_colors_info=&#8220;{}&#8220;]<\/p>\n<p>Fotos: Marianne Kaindl, bis auf Gr\u00fcnes Zimmer.<br \/>Foto Gr\u00fcnes Zimmer: fotografiert vom Rebstock, Postproduction Marianne Kaindl. Das biete ich n\u00e4mlich ebenfalls an: Wenn Sie Fotos haben, kann ich denen &#8211; vorausgesetzt, der Fotograf stimmt dem zu &#8211; den letzten Schliff geben.<\/p>\n<p>Website: <a href=\"https:\/\/rebstock-bodensee.de\" target=\"_blank\" rel=\"noopener\">https:\/\/rebstock-bodensee.de<\/a><\/p>\n<p>[\/et_pb_text][et_pb_divider _builder_version=&#8220;4.16&#8243; _module_preset=&#8220;default&#8220; global_colors_info=&#8220;{}&#8220;][\/et_pb_divider][et_pb_text _builder_version=&#8220;4.17.4&#8243; _module_preset=&#8220;default&#8220; header_font=&#8220;|||on|||||&#8220; header_text_align=&#8220;left&#8220; header_font_size=&#8220;36px&#8220; header_letter_spacing=&#8220;1px&#8220; header_line_height=&#8220;2em&#8220; header_font_size_tablet=&#8220;24px&#8220; header_font_size_phone=&#8220;18px&#8220; header_font_size_last_edited=&#8220;on|phone&#8220; global_colors_info=&#8220;{}&#8220;]<\/p>\n<p><a href=\"https:\/\/www.see-marketing.de\/fotografie\/bodensee-impressionen\/\">Foto-Galerie &#8222;Bodensee-Impressionen&#8220;<\/a><br \/><a href=\"https:\/\/www.see-marketing.de\/fotografie\/hotelfotografie-burgunderhof\/\">Foto-Galerie &#8222;Exklusiv-Hotel Burgunderhof&#8220;<\/a><br \/><a href=\"https:\/\/www.see-marketing.de\/fotografie\/hotelfotografie-restaurant\/\">Foto-Galerie &#8222;Restaurants, Ambiente, G\u00e4rten&#8220;<\/a><\/p>\n<p>[\/et_pb_text][\/et_pb_column][\/et_pb_row][et_pb_row _builder_version=&#8220;4.16&#8243; _module_preset=&#8220;default&#8220; custom_padding=&#8220;100px|||||&#8220; global_colors_info=&#8220;{}&#8220;][et_pb_column type=&#8220;4_4&#8243; _builder_version=&#8220;4.16&#8243; _module_preset=&#8220;default&#8220; global_colors_info=&#8220;{}&#8220;][et_pb_button button_url=&#8220;https:\/\/www.see-marketing.de\/fotografie\/ueberblick-ueber-die-foto-galerien-dieser-website\/&#8220; button_text=&#8220;zur Galerien-\u00dcbersicht&#8220; button_alignment=&#8220;center&#8220; _builder_version=&#8220;4.16&#8243; _module_preset=&#8220;bd80ac75-c9b8-4736-af98-26b1dc258cc0&#8243; custom_button=&#8220;on&#8220; button_text_size=&#8220;14px&#8220; button_text_color=&#8220;#FFFFFF&#8220; button_bg_color=&#8220;#515845&#8243; button_border_width=&#8220;0px&#8220; button_border_radius=&#8220;0px&#8220; button_letter_spacing=&#8220;3px&#8220; button_font=&#8220;|700||on|||||&#8220; background_layout=&#8220;dark&#8220; custom_padding=&#8220;16px|32px|16px|32px|true|true&#8220; global_colors_info=&#8220;{}&#8220; button_bg_color__hover=&#8220;#000000&#8243; button_bg_color__hover_enabled=&#8220;on|desktop&#8220; button_text_color__hover=&#8220;#D6B170&#8243; button_text_color__hover_enabled=&#8220;on|desktop&#8220; button_bg_enable_color__hover=&#8220;on&#8220;][\/et_pb_button][\/et_pb_column][\/et_pb_row][\/et_pb_section]<\/p>\n","protected":false},"excerpt":{"rendered":"<p>Fotogalerie: Rebstock &#8211; ein gutb\u00fcrgerlicher Gasthof auf dem Land Etwas oberhalb von Meersburg, in dem von Weinbergen umgebenen D\u00f6rfchen Stetten liegt der &#8222;Rebstock&#8220;. Ein bodenst\u00e4ndiger Gasthof mit preisg\u00fcnstigen Zimmern, einer gutb\u00fcrgerlichen, schmackhaften K\u00fcche und einer sehr freundlichen Gastgeberin. F\u00fcr den &#8222;Rebstock&#8220; fotografiere ich, halte die Website (die ich auch erstellt habe) auf dem aktuellen Stand, [&hellip;]<\/p>\n","protected":false},"author":1,"featured_media":6588,"parent":0,"menu_order":0,"comment_status":"closed","ping_status":"closed","template":"","meta":{"_et_pb_use_builder":"on","_et_pb_old_content":"","_et_gb_content_width":"","footnotes":""},"class_list":["post-6598","page","type-page","status-publish","has-post-thumbnail","hentry"],"yoast_head":"<!-- This site is optimized with the Yoast SEO plugin v27.5 - https:\/\/yoast.com\/product\/yoast-seo-wordpress\/ -->\n<title>Hotelfotografie: Gasthof Rebstock in Stetten bei Meersburg | Marianne Kaindl - Fotografie: Businessportr\u00e4ts, Hotelfotografie, KI-Art<\/title>\n<meta name=\"description\" content=\"Gutb\u00fcrgerlicher Gasthof auf dem Land, unkompliziert, mit einer freundlichen Gastgeberin. Ich fotografiere f\u00fcr den Rebstock und bin zust\u00e4ndig f\u00fcr seine Website.\" \/>\n<meta name=\"robots\" content=\"index, follow, max-snippet:-1, max-image-preview:large, max-video-preview:-1\" \/>\n<link rel=\"canonical\" href=\"https:\/\/www.see-marketing.de\/fotografie\/hotelfotografie-rebstock-stetten\/\" \/>\n<meta property=\"og:locale\" content=\"de_DE\" \/>\n<meta property=\"og:type\" content=\"article\" \/>\n<meta property=\"og:title\" content=\"Hotelfotografie: Gasthof Rebstock in Stetten bei Meersburg | Marianne Kaindl - Fotografie: Businessportr\u00e4ts, Hotelfotografie, KI-Art\" \/>\n<meta property=\"og:description\" content=\"Gutb\u00fcrgerlicher Gasthof auf dem Land, unkompliziert, mit einer freundlichen Gastgeberin. Ich fotografiere f\u00fcr den Rebstock und bin zust\u00e4ndig f\u00fcr seine Website.\" \/>\n<meta property=\"og:url\" content=\"https:\/\/www.see-marketing.de\/fotografie\/hotelfotografie-rebstock-stetten\/\" \/>\n<meta property=\"og:site_name\" content=\"Marianne Kaindl - Fotografie: Businessportr\u00e4ts, Hotelfotografie, KI-Art\" \/>\n<meta property=\"article:publisher\" content=\"https:\/\/www.facebook.com\/marianne.kaindl\" \/>\n<meta property=\"article:modified_time\" content=\"2022-06-30T13:25:41+00:00\" \/>\n<meta property=\"og:image\" content=\"https:\/\/www.see-marketing.de\/fotografie\/wp-content\/uploads\/rebstock_biergarten.jpg\" \/>\n\t<meta property=\"og:image:width\" content=\"1500\" \/>\n\t<meta property=\"og:image:height\" content=\"1000\" \/>\n\t<meta property=\"og:image:type\" content=\"image\/jpeg\" \/>\n<meta name=\"twitter:card\" content=\"summary_large_image\" \/>\n<meta name=\"twitter:label1\" content=\"Gesch\u00e4tzte Lesezeit\" \/>\n\t<meta name=\"twitter:data1\" content=\"3\u00a0Minuten\" \/>\n<script type=\"application\/ld+json\" class=\"yoast-schema-graph\">{\"@context\":\"https:\\\/\\\/schema.org\",\"@graph\":[{\"@type\":\"WebPage\",\"@id\":\"https:\\\/\\\/www.see-marketing.de\\\/fotografie\\\/hotelfotografie-rebstock-stetten\\\/\",\"url\":\"https:\\\/\\\/www.see-marketing.de\\\/fotografie\\\/hotelfotografie-rebstock-stetten\\\/\",\"name\":\"Hotelfotografie: Gasthof Rebstock in Stetten bei Meersburg | Marianne Kaindl - Fotografie: Businessportr\u00e4ts, Hotelfotografie, KI-Art\",\"isPartOf\":{\"@id\":\"https:\\\/\\\/www.see-marketing.de\\\/fotografie\\\/#website\"},\"primaryImageOfPage\":{\"@id\":\"https:\\\/\\\/www.see-marketing.de\\\/fotografie\\\/hotelfotografie-rebstock-stetten\\\/#primaryimage\"},\"image\":{\"@id\":\"https:\\\/\\\/www.see-marketing.de\\\/fotografie\\\/hotelfotografie-rebstock-stetten\\\/#primaryimage\"},\"thumbnailUrl\":\"https:\\\/\\\/www.see-marketing.de\\\/fotografie\\\/wp-content\\\/uploads\\\/rebstock_biergarten.jpg\",\"datePublished\":\"2022-06-21T13:41:49+00:00\",\"dateModified\":\"2022-06-30T13:25:41+00:00\",\"description\":\"Gutb\u00fcrgerlicher Gasthof auf dem Land, unkompliziert, mit einer freundlichen Gastgeberin. Ich fotografiere f\u00fcr den Rebstock und bin zust\u00e4ndig f\u00fcr seine Website.\",\"breadcrumb\":{\"@id\":\"https:\\\/\\\/www.see-marketing.de\\\/fotografie\\\/hotelfotografie-rebstock-stetten\\\/#breadcrumb\"},\"inLanguage\":\"de\",\"potentialAction\":[{\"@type\":\"ReadAction\",\"target\":[\"https:\\\/\\\/www.see-marketing.de\\\/fotografie\\\/hotelfotografie-rebstock-stetten\\\/\"]}]},{\"@type\":\"ImageObject\",\"inLanguage\":\"de\",\"@id\":\"https:\\\/\\\/www.see-marketing.de\\\/fotografie\\\/hotelfotografie-rebstock-stetten\\\/#primaryimage\",\"url\":\"https:\\\/\\\/www.see-marketing.de\\\/fotografie\\\/wp-content\\\/uploads\\\/rebstock_biergarten.jpg\",\"contentUrl\":\"https:\\\/\\\/www.see-marketing.de\\\/fotografie\\\/wp-content\\\/uploads\\\/rebstock_biergarten.jpg\",\"width\":1500,\"height\":1000,\"caption\":\"Gasthof Rebstock - Biergarten\"},{\"@type\":\"BreadcrumbList\",\"@id\":\"https:\\\/\\\/www.see-marketing.de\\\/fotografie\\\/hotelfotografie-rebstock-stetten\\\/#breadcrumb\",\"itemListElement\":[{\"@type\":\"ListItem\",\"position\":1,\"name\":\"Startseite\",\"item\":\"https:\\\/\\\/www.see-marketing.de\\\/fotografie\\\/\"},{\"@type\":\"ListItem\",\"position\":2,\"name\":\"Hotelfotografie: Gasthof Rebstock in Stetten bei Meersburg\"}]},{\"@type\":\"WebSite\",\"@id\":\"https:\\\/\\\/www.see-marketing.de\\\/fotografie\\\/#website\",\"url\":\"https:\\\/\\\/www.see-marketing.de\\\/fotografie\\\/\",\"name\":\"Marianne Kaindl - Fotografie: Businessportr\u00e4ts, Hotelfotografie, KI-Art\",\"description\":\"Fotos, die verzaubern und verkaufen\",\"publisher\":{\"@id\":\"https:\\\/\\\/www.see-marketing.de\\\/fotografie\\\/#organization\"},\"potentialAction\":[{\"@type\":\"SearchAction\",\"target\":{\"@type\":\"EntryPoint\",\"urlTemplate\":\"https:\\\/\\\/www.see-marketing.de\\\/fotografie\\\/?s={search_term_string}\"},\"query-input\":{\"@type\":\"PropertyValueSpecification\",\"valueRequired\":true,\"valueName\":\"search_term_string\"}}],\"inLanguage\":\"de\"},{\"@type\":\"Organization\",\"@id\":\"https:\\\/\\\/www.see-marketing.de\\\/fotografie\\\/#organization\",\"name\":\"See-Marketing\",\"url\":\"https:\\\/\\\/www.see-marketing.de\\\/fotografie\\\/\",\"logo\":{\"@type\":\"ImageObject\",\"inLanguage\":\"de\",\"@id\":\"https:\\\/\\\/www.see-marketing.de\\\/fotografie\\\/#\\\/schema\\\/logo\\\/image\\\/\",\"url\":\"https:\\\/\\\/www.see-marketing.de\\\/fotografie\\\/wp-content\\\/uploads\\\/mk_seemarketing.png\",\"contentUrl\":\"https:\\\/\\\/www.see-marketing.de\\\/fotografie\\\/wp-content\\\/uploads\\\/mk_seemarketing.png\",\"width\":400,\"height\":100,\"caption\":\"See-Marketing\"},\"image\":{\"@id\":\"https:\\\/\\\/www.see-marketing.de\\\/fotografie\\\/#\\\/schema\\\/logo\\\/image\\\/\"},\"sameAs\":[\"https:\\\/\\\/www.facebook.com\\\/marianne.kaindl\"]}]}<\/script>\n<!-- \/ Yoast SEO plugin. -->","yoast_head_json":{"title":"Hotelfotografie: Gasthof Rebstock in Stetten bei Meersburg | Marianne Kaindl - Fotografie: Businessportr\u00e4ts, Hotelfotografie, KI-Art","description":"Gutb\u00fcrgerlicher Gasthof auf dem Land, unkompliziert, mit einer freundlichen Gastgeberin. Ich fotografiere f\u00fcr den Rebstock und bin zust\u00e4ndig f\u00fcr seine Website.","robots":{"index":"index","follow":"follow","max-snippet":"max-snippet:-1","max-image-preview":"max-image-preview:large","max-video-preview":"max-video-preview:-1"},"canonical":"https:\/\/www.see-marketing.de\/fotografie\/hotelfotografie-rebstock-stetten\/","og_locale":"de_DE","og_type":"article","og_title":"Hotelfotografie: Gasthof Rebstock in Stetten bei Meersburg | Marianne Kaindl - Fotografie: Businessportr\u00e4ts, Hotelfotografie, KI-Art","og_description":"Gutb\u00fcrgerlicher Gasthof auf dem Land, unkompliziert, mit einer freundlichen Gastgeberin. Ich fotografiere f\u00fcr den Rebstock und bin zust\u00e4ndig f\u00fcr seine Website.","og_url":"https:\/\/www.see-marketing.de\/fotografie\/hotelfotografie-rebstock-stetten\/","og_site_name":"Marianne Kaindl - Fotografie: Businessportr\u00e4ts, Hotelfotografie, KI-Art","article_publisher":"https:\/\/www.facebook.com\/marianne.kaindl","article_modified_time":"2022-06-30T13:25:41+00:00","og_image":[{"width":1500,"height":1000,"url":"https:\/\/www.see-marketing.de\/fotografie\/wp-content\/uploads\/rebstock_biergarten.jpg","type":"image\/jpeg"}],"twitter_card":"summary_large_image","twitter_misc":{"Gesch\u00e4tzte Lesezeit":"3\u00a0Minuten"},"schema":{"@context":"https:\/\/schema.org","@graph":[{"@type":"WebPage","@id":"https:\/\/www.see-marketing.de\/fotografie\/hotelfotografie-rebstock-stetten\/","url":"https:\/\/www.see-marketing.de\/fotografie\/hotelfotografie-rebstock-stetten\/","name":"Hotelfotografie: Gasthof Rebstock in Stetten bei Meersburg | Marianne Kaindl - Fotografie: Businessportr\u00e4ts, Hotelfotografie, KI-Art","isPartOf":{"@id":"https:\/\/www.see-marketing.de\/fotografie\/#website"},"primaryImageOfPage":{"@id":"https:\/\/www.see-marketing.de\/fotografie\/hotelfotografie-rebstock-stetten\/#primaryimage"},"image":{"@id":"https:\/\/www.see-marketing.de\/fotografie\/hotelfotografie-rebstock-stetten\/#primaryimage"},"thumbnailUrl":"https:\/\/www.see-marketing.de\/fotografie\/wp-content\/uploads\/rebstock_biergarten.jpg","datePublished":"2022-06-21T13:41:49+00:00","dateModified":"2022-06-30T13:25:41+00:00","description":"Gutb\u00fcrgerlicher Gasthof auf dem Land, unkompliziert, mit einer freundlichen Gastgeberin. Ich fotografiere f\u00fcr den Rebstock und bin zust\u00e4ndig f\u00fcr seine Website.","breadcrumb":{"@id":"https:\/\/www.see-marketing.de\/fotografie\/hotelfotografie-rebstock-stetten\/#breadcrumb"},"inLanguage":"de","potentialAction":[{"@type":"ReadAction","target":["https:\/\/www.see-marketing.de\/fotografie\/hotelfotografie-rebstock-stetten\/"]}]},{"@type":"ImageObject","inLanguage":"de","@id":"https:\/\/www.see-marketing.de\/fotografie\/hotelfotografie-rebstock-stetten\/#primaryimage","url":"https:\/\/www.see-marketing.de\/fotografie\/wp-content\/uploads\/rebstock_biergarten.jpg","contentUrl":"https:\/\/www.see-marketing.de\/fotografie\/wp-content\/uploads\/rebstock_biergarten.jpg","width":1500,"height":1000,"caption":"Gasthof Rebstock - Biergarten"},{"@type":"BreadcrumbList","@id":"https:\/\/www.see-marketing.de\/fotografie\/hotelfotografie-rebstock-stetten\/#breadcrumb","itemListElement":[{"@type":"ListItem","position":1,"name":"Startseite","item":"https:\/\/www.see-marketing.de\/fotografie\/"},{"@type":"ListItem","position":2,"name":"Hotelfotografie: Gasthof Rebstock in Stetten bei Meersburg"}]},{"@type":"WebSite","@id":"https:\/\/www.see-marketing.de\/fotografie\/#website","url":"https:\/\/www.see-marketing.de\/fotografie\/","name":"Marianne Kaindl - Fotografie: Businessportr\u00e4ts, Hotelfotografie, KI-Art","description":"Fotos, die verzaubern und verkaufen","publisher":{"@id":"https:\/\/www.see-marketing.de\/fotografie\/#organization"},"potentialAction":[{"@type":"SearchAction","target":{"@type":"EntryPoint","urlTemplate":"https:\/\/www.see-marketing.de\/fotografie\/?s={search_term_string}"},"query-input":{"@type":"PropertyValueSpecification","valueRequired":true,"valueName":"search_term_string"}}],"inLanguage":"de"},{"@type":"Organization","@id":"https:\/\/www.see-marketing.de\/fotografie\/#organization","name":"See-Marketing","url":"https:\/\/www.see-marketing.de\/fotografie\/","logo":{"@type":"ImageObject","inLanguage":"de","@id":"https:\/\/www.see-marketing.de\/fotografie\/#\/schema\/logo\/image\/","url":"https:\/\/www.see-marketing.de\/fotografie\/wp-content\/uploads\/mk_seemarketing.png","contentUrl":"https:\/\/www.see-marketing.de\/fotografie\/wp-content\/uploads\/mk_seemarketing.png","width":400,"height":100,"caption":"See-Marketing"},"image":{"@id":"https:\/\/www.see-marketing.de\/fotografie\/#\/schema\/logo\/image\/"},"sameAs":["https:\/\/www.facebook.com\/marianne.kaindl"]}]}},"_links":{"self":[{"href":"https:\/\/www.see-marketing.de\/fotografie\/wp-json\/wp\/v2\/pages\/6598","targetHints":{"allow":["GET"]}}],"collection":[{"href":"https:\/\/www.see-marketing.de\/fotografie\/wp-json\/wp\/v2\/pages"}],"about":[{"href":"https:\/\/www.see-marketing.de\/fotografie\/wp-json\/wp\/v2\/types\/page"}],"author":[{"embeddable":true,"href":"https:\/\/www.see-marketing.de\/fotografie\/wp-json\/wp\/v2\/users\/1"}],"replies":[{"embeddable":true,"href":"https:\/\/www.see-marketing.de\/fotografie\/wp-json\/wp\/v2\/comments?post=6598"}],"version-history":[{"count":0,"href":"https:\/\/www.see-marketing.de\/fotografie\/wp-json\/wp\/v2\/pages\/6598\/revisions"}],"wp:featuredmedia":[{"embeddable":true,"href":"https:\/\/www.see-marketing.de\/fotografie\/wp-json\/wp\/v2\/media\/6588"}],"wp:attachment":[{"href":"https:\/\/www.see-marketing.de\/fotografie\/wp-json\/wp\/v2\/media?parent=6598"}],"curies":[{"name":"wp","href":"https:\/\/api.w.org\/{rel}","templated":true}]}}