{"id":6614,"date":"2022-06-22T14:36:21","date_gmt":"2022-06-22T14:36:21","guid":{"rendered":"https:\/\/www.see-marketing.de\/fotografie\/?page_id=6614"},"modified":"2022-06-30T13:53:38","modified_gmt":"2022-06-30T13:53:38","slug":"schloss-elmau","status":"publish","type":"page","link":"https:\/\/www.see-marketing.de\/fotografie\/schloss-elmau\/","title":{"rendered":"Foto-Workshop Schloss Elmau"},"content":{"rendered":"<p>[et_pb_section fb_built=&#8220;1&#8243; _builder_version=&#8220;4.16&#8243; _module_preset=&#8220;default&#8220; background_color=&#8220;rgba(251,245,233,0.61)&#8220; custom_padding=&#8220;32px|||||&#8220; global_colors_info=&#8220;{}&#8220;][et_pb_row _builder_version=&#8220;4.16&#8243; _module_preset=&#8220;default&#8220; custom_padding=&#8220;0px|||||&#8220; global_colors_info=&#8220;{}&#8220;][et_pb_column type=&#8220;4_4&#8243; _builder_version=&#8220;4.16&#8243; _module_preset=&#8220;default&#8220; global_colors_info=&#8220;{}&#8220;][et_pb_text _builder_version=&#8220;4.17.4&#8243; _module_preset=&#8220;default&#8220; header_font=&#8220;|||on|||||&#8220; header_text_align=&#8220;left&#8220; header_font_size=&#8220;36px&#8220; header_letter_spacing=&#8220;1px&#8220; header_line_height=&#8220;2em&#8220; header_font_size_tablet=&#8220;24px&#8220; header_font_size_phone=&#8220;18px&#8220; header_font_size_last_edited=&#8220;on|phone&#8220; global_colors_info=&#8220;{}&#8220;]<\/p>\n<h1>Foto-Workshop Schloss Elmau<\/h1>\n<p>[\/et_pb_text][et_pb_gallery gallery_ids=&#8220;6638,6616,6634,6618&#8243; fullwidth=&#8220;on&#8220; dbdb_version=&#8220;3.9.1&#8243; disabled_on=&#8220;on|off|off&#8220; _builder_version=&#8220;4.17.4&#8243; _module_preset=&#8220;default&#8220; auto=&#8220;on&#8220; auto_speed=&#8220;3000&#8243; global_colors_info=&#8220;{}&#8220;][\/et_pb_gallery][et_pb_text _builder_version=&#8220;4.17.4&#8243; _module_preset=&#8220;default&#8220; header_font=&#8220;|||on|||||&#8220; header_text_align=&#8220;left&#8220; header_font_size=&#8220;36px&#8220; header_letter_spacing=&#8220;1px&#8220; header_line_height=&#8220;2em&#8220; header_font_size_tablet=&#8220;24px&#8220; header_font_size_phone=&#8220;18px&#8220; header_font_size_last_edited=&#8220;on|phone&#8220; global_colors_info=&#8220;{}&#8220;]<\/p>\n<p>Schloss Elmau war von Anfang an konzipiert f\u00fcr Begegnung und kultivierten Austausch.<br \/>Ich lernte das 5-Sterne-Hotel w\u00e4hrend eines exklusiven Foto-Workshops, den die Zeitschrift CHIP Foto Video 2008 veranstaltete, kennen und sch\u00e4tzen.<\/p>\n<p>Wir trafen uns zu Besprechungen in einer der beiden Bibliotheken, wir fotografierten im Theatersaal und erkundeten das weitl\u00e4ufige Gel\u00e4nde ums Schloss. F\u00fcr Fotografen und Fotografinnen ist das Schloss ein Paradies. Schon morgens beim Aufwachen schaute ich auf ein von der Sonne angestrahltes Alpenpanorama. Es gibt Architektur, es gibt Landschaft, es gibt flie\u00dfende Gew\u00e4sser, die das Fotografenherz h\u00f6her schlagen lassen. Das ganze Haus mit seiner Geschichte und \u00c4sthetik inspiriert zu k\u00fcnstlerischem Schaffen.<\/p>\n<p>Einige Ergebnisse dieser Tage m\u00f6chte ich Ihnen hier vorstellen. Ich bedanke mich beim damaligen Team der Fotozeitschrift, Florian Schuster, Juliane Weber, Thomas Probst und Juliane Brummer, bei Workshop-Trainer Stephan Paul Stuemer, bei den beiden wunderbaren Models Annabelle und Anja und bei den Mitarbeiterinnen und Mitarbeiterinnen von Schloss Elmau, die jeden Aufenthalt dort zu einem unvergesslichen Erlebnis machen.<\/p>\n<p>In meiner Multimedia-Ausbildung und sp\u00e4ter dann bei Siemens in der E-Learning-Abteilung lag mein fotografischer Fokus auf dem Fotografieren von Maschinen und deren Bedienungsabl\u00e4ufen,<br \/>die Grundlagen daf\u00fcr, dass ich Portr\u00e4ts fotografiere, mit denen meine Kunden und Kundinnen gl\u00fccklich sind, die wurden auf Schloss Elmau gelegt.<\/p>\n<p>[\/et_pb_text][et_pb_code _builder_version=&#8220;4.17.4&#8243; _module_preset=&#8220;default&#8220; global_colors_info=&#8220;{}&#8220;]<div id=\"jig1\" class=\"justified-image-grid jig-d25c1bb17ab475b469a0ea62a85cfe3c jig-preset-4 jig-source-wp-gallery jig-id-6622\"><div class=\"jig-clearfix\"><\/div><noscript id=\"jig1-html\" class=\"justified-image-grid-html\" data-lazy-src=\"skiplazyload\" data-src=\"skipunveillazyload\"><ul><li><a href=\"https:\/\/www.see-marketing.de\/fotografie\/wp-content\/uploads\/marianne-kaindl_schloss-elmau3-1024x683.jpg\"><img loading=\"lazy\" decoding=\"async\" src=\"https:\/\/www.see-marketing.de\/fotografie\/wp-content\/plugins\/justified-image-grid\/timthumb.php?src=https%3A%2F%2Fwww.see-marketing.de%2Ffotografie%2Fwp-content%2Fuploads%2Fmarianne-kaindl_schloss-elmau3-1024x683.jpg&amp;h=335&amp;q=90&amp;f=.jpg\" alt=\"Schloss Elmau\" width=\"502\" height=\"335\" \/><\/a><p class=\"jig-HTMLdescription\">Schloss Elmau<\/p><\/li><li><a href=\"https:\/\/www.see-marketing.de\/fotografie\/wp-content\/uploads\/marianne-kaindl_schloss-elmau-model3-1-1024x683.jpg\"><img loading=\"lazy\" decoding=\"async\" src=\"https:\/\/www.see-marketing.de\/fotografie\/wp-content\/plugins\/justified-image-grid\/timthumb.php?src=https%3A%2F%2Fwww.see-marketing.de%2Ffotografie%2Fwp-content%2Fuploads%2Fmarianne-kaindl_schloss-elmau-model3-1-1024x683.jpg&amp;h=335&amp;q=90&amp;f=.jpg\" alt=\"Portr\u00e4tfotografie auf Schloss Elmau: Model Annabelle\" width=\"502\" height=\"335\" \/><\/a><p class=\"jig-HTMLdescription\">Portr\u00e4tfotografie auf Schloss Elmau: Model Annabelle<\/p><\/li><li><a href=\"https:\/\/www.see-marketing.de\/fotografie\/wp-content\/uploads\/marianne-kaindl_schloss-elmau_2-1024x683.jpg\"><img loading=\"lazy\" decoding=\"async\" src=\"https:\/\/www.see-marketing.de\/fotografie\/wp-content\/plugins\/justified-image-grid\/timthumb.php?src=https%3A%2F%2Fwww.see-marketing.de%2Ffotografie%2Fwp-content%2Fuploads%2Fmarianne-kaindl_schloss-elmau_2-1024x683.jpg&amp;h=335&amp;q=90&amp;f=.jpg\" alt=\"Schloss Elmau\" width=\"502\" height=\"335\" \/><\/a><p class=\"jig-HTMLdescription\">Schloss Elmau<\/p><\/li><li><a href=\"https:\/\/www.see-marketing.de\/fotografie\/wp-content\/uploads\/marianne-kaindl_schloss-elmau_relaxen-1024x683.jpg\"><img loading=\"lazy\" decoding=\"async\" src=\"https:\/\/www.see-marketing.de\/fotografie\/wp-content\/plugins\/justified-image-grid\/timthumb.php?src=https%3A%2F%2Fwww.see-marketing.de%2Ffotografie%2Fwp-content%2Fuploads%2Fmarianne-kaindl_schloss-elmau_relaxen-1024x683.jpg&amp;h=335&amp;q=90&amp;f=.jpg\" alt=\"Relaxen da, wo beim G7-Gipfel die Spitzenpolitiker\/-innen sich zwischen den Verhandlungen erholen\" width=\"502\" height=\"335\" \/><\/a><p class=\"jig-HTMLdescription\">Relaxen da, wo beim G7-Gipfel die Spitzenpolitiker\/-innen sich zwischen den Verhandlungen erholen<\/p><\/li><\/ul><\/noscript><\/div>[\/et_pb_code][et_pb_text _builder_version=&#8220;4.17.4&#8243; _module_preset=&#8220;default&#8220; header_font=&#8220;|||on|||||&#8220; header_text_align=&#8220;left&#8220; header_font_size=&#8220;36px&#8220; header_letter_spacing=&#8220;1px&#8220; header_line_height=&#8220;2em&#8220; header_font_size_tablet=&#8220;24px&#8220; header_font_size_phone=&#8220;18px&#8220; header_font_size_last_edited=&#8220;on|phone&#8220; global_colors_info=&#8220;{}&#8220;]<\/p>\n<p>Website: <a href=\"https:\/\/www.schloss-elmau.de\/\" target=\"_blank\" rel=\"noopener\">https:\/\/www.schloss-elmau.de\/<\/a><br \/>Website CHIP: <a href=\"https:\/\/www.chip.de\/\" target=\"_blank\" rel=\"noopener\">https:\/\/www.chip.de\/<\/a><\/p>\n<p>[\/et_pb_text][et_pb_divider _builder_version=&#8220;4.16&#8243; _module_preset=&#8220;default&#8220; global_colors_info=&#8220;{}&#8220;][\/et_pb_divider][et_pb_text _builder_version=&#8220;4.17.4&#8243; _module_preset=&#8220;default&#8220; header_font=&#8220;|||on|||||&#8220; header_text_align=&#8220;left&#8220; header_font_size=&#8220;36px&#8220; header_letter_spacing=&#8220;1px&#8220; header_line_height=&#8220;2em&#8220; header_font_size_tablet=&#8220;24px&#8220; header_font_size_phone=&#8220;18px&#8220; header_font_size_last_edited=&#8220;on|phone&#8220; global_colors_info=&#8220;{}&#8220;]<\/p>\n<p><a href=\"https:\/\/www.see-marketing.de\/fotografie\/hotelfotografie-burgunderhof\/\">Foto-Galerie Exklusiv-Hotel Burgunderhof<\/a><br \/><a href=\"https:\/\/see-marketing.de\/business-fotos-portraets\/\" target=\"_blank\" rel=\"noopener\">Galerie meiner Portr\u00e4tfotos auf der See-Marketing-Website<\/a><br \/><a href=\"https:\/\/www.see-marketing.de\/fotografie\/bodensee-impressionen\/\">Foto-Galerie &#8222;Bodensee-Impressionen&#8220;<\/a><br \/><a href=\"https:\/\/www.see-marketing.de\/fotografie\/fotoshooting-im-schloss\/\">Foto-Galerie &#8222;Fotoshooting im Schloss am Bodensee&#8220;<\/a><\/p>\n<p>[\/et_pb_text][\/et_pb_column][\/et_pb_row][et_pb_row _builder_version=&#8220;4.16&#8243; _module_preset=&#8220;default&#8220; custom_padding=&#8220;100px|||||&#8220; global_colors_info=&#8220;{}&#8220;][et_pb_column type=&#8220;4_4&#8243; _builder_version=&#8220;4.16&#8243; _module_preset=&#8220;default&#8220; global_colors_info=&#8220;{}&#8220;][et_pb_button button_url=&#8220;https:\/\/www.see-marketing.de\/fotografie\/ueberblick-ueber-die-foto-galerien-dieser-website\/&#8220; button_text=&#8220;zur Galerien-\u00dcbersicht&#8220; button_alignment=&#8220;center&#8220; _builder_version=&#8220;4.16&#8243; _module_preset=&#8220;bd80ac75-c9b8-4736-af98-26b1dc258cc0&#8243; custom_button=&#8220;on&#8220; button_text_size=&#8220;14px&#8220; button_text_color=&#8220;#FFFFFF&#8220; button_bg_color=&#8220;#515845&#8243; button_border_width=&#8220;0px&#8220; button_border_radius=&#8220;0px&#8220; button_letter_spacing=&#8220;3px&#8220; button_font=&#8220;|700||on|||||&#8220; background_layout=&#8220;dark&#8220; custom_padding=&#8220;16px|32px|16px|32px|true|true&#8220; global_colors_info=&#8220;{}&#8220; button_bg_color__hover=&#8220;#000000&#8243; button_bg_color__hover_enabled=&#8220;on|desktop&#8220; button_text_color__hover=&#8220;#D6B170&#8243; button_text_color__hover_enabled=&#8220;on|desktop&#8220; button_bg_enable_color__hover=&#8220;on&#8220;][\/et_pb_button][\/et_pb_column][\/et_pb_row][\/et_pb_section]<\/p>\n","protected":false},"excerpt":{"rendered":"<p>Foto-Workshop Schloss ElmauSchloss Elmau war von Anfang an konzipiert f\u00fcr Begegnung und kultivierten Austausch.Ich lernte das 5-Sterne-Hotel w\u00e4hrend eines exklusiven Foto-Workshops, den die Zeitschrift CHIP Foto Video 2008 veranstaltete, kennen und sch\u00e4tzen. Wir trafen uns zu Besprechungen in einer der beiden Bibliotheken, wir fotografierten im Theatersaal und erkundeten das weitl\u00e4ufige Gel\u00e4nde ums Schloss. F\u00fcr Fotografen [&hellip;]<\/p>\n","protected":false},"author":1,"featured_media":6638,"parent":0,"menu_order":0,"comment_status":"closed","ping_status":"closed","template":"","meta":{"_et_pb_use_builder":"on","_et_pb_old_content":"","_et_gb_content_width":"","footnotes":""},"class_list":["post-6614","page","type-page","status-publish","has-post-thumbnail","hentry"],"yoast_head":"<!-- This site is optimized with the Yoast SEO plugin v27.5 - https:\/\/yoast.com\/product\/yoast-seo-wordpress\/ -->\n<title>Foto-Workshop Schloss Elmau | Marianne Kaindl - Fotografie: Businessportr\u00e4ts, Hotelfotografie, KI-Art<\/title>\n<meta name=\"description\" content=\"Foto-Workshop auf Schloss Elmau - ein Hotel, das von der ersten Stunde an konzipiert wurde als Ort, an dem produktiver Austausch geschieht.\" \/>\n<meta name=\"robots\" content=\"index, follow, max-snippet:-1, max-image-preview:large, max-video-preview:-1\" \/>\n<link rel=\"canonical\" href=\"https:\/\/www.see-marketing.de\/fotografie\/schloss-elmau\/\" \/>\n<meta property=\"og:locale\" content=\"de_DE\" \/>\n<meta property=\"og:type\" content=\"article\" \/>\n<meta property=\"og:title\" content=\"Foto-Workshop Schloss Elmau | Marianne Kaindl - Fotografie: Businessportr\u00e4ts, Hotelfotografie, KI-Art\" \/>\n<meta property=\"og:description\" content=\"Foto-Workshop auf Schloss Elmau - ein Hotel, das von der ersten Stunde an konzipiert wurde als Ort, an dem produktiver Austausch geschieht.\" \/>\n<meta property=\"og:url\" content=\"https:\/\/www.see-marketing.de\/fotografie\/schloss-elmau\/\" \/>\n<meta property=\"og:site_name\" content=\"Marianne Kaindl - Fotografie: Businessportr\u00e4ts, Hotelfotografie, KI-Art\" \/>\n<meta property=\"article:publisher\" content=\"https:\/\/www.facebook.com\/marianne.kaindl\" \/>\n<meta property=\"article:modified_time\" content=\"2022-06-30T13:53:38+00:00\" \/>\n<meta property=\"og:image\" content=\"https:\/\/www.see-marketing.de\/fotografie\/wp-content\/uploads\/marianne-kaindl_schloss-elmau3.jpg\" \/>\n\t<meta property=\"og:image:width\" content=\"1500\" \/>\n\t<meta property=\"og:image:height\" content=\"1000\" \/>\n\t<meta property=\"og:image:type\" content=\"image\/jpeg\" \/>\n<meta name=\"twitter:card\" content=\"summary_large_image\" \/>\n<meta name=\"twitter:label1\" content=\"Gesch\u00e4tzte Lesezeit\" \/>\n\t<meta name=\"twitter:data1\" content=\"4\u00a0Minuten\" \/>\n<script type=\"application\/ld+json\" class=\"yoast-schema-graph\">{\"@context\":\"https:\\\/\\\/schema.org\",\"@graph\":[{\"@type\":\"WebPage\",\"@id\":\"https:\\\/\\\/www.see-marketing.de\\\/fotografie\\\/schloss-elmau\\\/\",\"url\":\"https:\\\/\\\/www.see-marketing.de\\\/fotografie\\\/schloss-elmau\\\/\",\"name\":\"Foto-Workshop Schloss Elmau | Marianne Kaindl - Fotografie: Businessportr\u00e4ts, Hotelfotografie, KI-Art\",\"isPartOf\":{\"@id\":\"https:\\\/\\\/www.see-marketing.de\\\/fotografie\\\/#website\"},\"primaryImageOfPage\":{\"@id\":\"https:\\\/\\\/www.see-marketing.de\\\/fotografie\\\/schloss-elmau\\\/#primaryimage\"},\"image\":{\"@id\":\"https:\\\/\\\/www.see-marketing.de\\\/fotografie\\\/schloss-elmau\\\/#primaryimage\"},\"thumbnailUrl\":\"https:\\\/\\\/www.see-marketing.de\\\/fotografie\\\/wp-content\\\/uploads\\\/marianne-kaindl_schloss-elmau3.jpg\",\"datePublished\":\"2022-06-22T14:36:21+00:00\",\"dateModified\":\"2022-06-30T13:53:38+00:00\",\"description\":\"Foto-Workshop auf Schloss Elmau - ein Hotel, das von der ersten Stunde an konzipiert wurde als Ort, an dem produktiver Austausch geschieht.\",\"breadcrumb\":{\"@id\":\"https:\\\/\\\/www.see-marketing.de\\\/fotografie\\\/schloss-elmau\\\/#breadcrumb\"},\"inLanguage\":\"de\",\"potentialAction\":[{\"@type\":\"ReadAction\",\"target\":[\"https:\\\/\\\/www.see-marketing.de\\\/fotografie\\\/schloss-elmau\\\/\"]}]},{\"@type\":\"ImageObject\",\"inLanguage\":\"de\",\"@id\":\"https:\\\/\\\/www.see-marketing.de\\\/fotografie\\\/schloss-elmau\\\/#primaryimage\",\"url\":\"https:\\\/\\\/www.see-marketing.de\\\/fotografie\\\/wp-content\\\/uploads\\\/marianne-kaindl_schloss-elmau3.jpg\",\"contentUrl\":\"https:\\\/\\\/www.see-marketing.de\\\/fotografie\\\/wp-content\\\/uploads\\\/marianne-kaindl_schloss-elmau3.jpg\",\"width\":1500,\"height\":1000,\"caption\":\"Schloss Elmau\"},{\"@type\":\"BreadcrumbList\",\"@id\":\"https:\\\/\\\/www.see-marketing.de\\\/fotografie\\\/schloss-elmau\\\/#breadcrumb\",\"itemListElement\":[{\"@type\":\"ListItem\",\"position\":1,\"name\":\"Startseite\",\"item\":\"https:\\\/\\\/www.see-marketing.de\\\/fotografie\\\/\"},{\"@type\":\"ListItem\",\"position\":2,\"name\":\"Foto-Workshop Schloss Elmau\"}]},{\"@type\":\"WebSite\",\"@id\":\"https:\\\/\\\/www.see-marketing.de\\\/fotografie\\\/#website\",\"url\":\"https:\\\/\\\/www.see-marketing.de\\\/fotografie\\\/\",\"name\":\"Marianne Kaindl - Fotografie: Businessportr\u00e4ts, Hotelfotografie, KI-Art\",\"description\":\"Fotos, die verzaubern und verkaufen\",\"publisher\":{\"@id\":\"https:\\\/\\\/www.see-marketing.de\\\/fotografie\\\/#organization\"},\"potentialAction\":[{\"@type\":\"SearchAction\",\"target\":{\"@type\":\"EntryPoint\",\"urlTemplate\":\"https:\\\/\\\/www.see-marketing.de\\\/fotografie\\\/?s={search_term_string}\"},\"query-input\":{\"@type\":\"PropertyValueSpecification\",\"valueRequired\":true,\"valueName\":\"search_term_string\"}}],\"inLanguage\":\"de\"},{\"@type\":\"Organization\",\"@id\":\"https:\\\/\\\/www.see-marketing.de\\\/fotografie\\\/#organization\",\"name\":\"See-Marketing\",\"url\":\"https:\\\/\\\/www.see-marketing.de\\\/fotografie\\\/\",\"logo\":{\"@type\":\"ImageObject\",\"inLanguage\":\"de\",\"@id\":\"https:\\\/\\\/www.see-marketing.de\\\/fotografie\\\/#\\\/schema\\\/logo\\\/image\\\/\",\"url\":\"https:\\\/\\\/www.see-marketing.de\\\/fotografie\\\/wp-content\\\/uploads\\\/mk_seemarketing.png\",\"contentUrl\":\"https:\\\/\\\/www.see-marketing.de\\\/fotografie\\\/wp-content\\\/uploads\\\/mk_seemarketing.png\",\"width\":400,\"height\":100,\"caption\":\"See-Marketing\"},\"image\":{\"@id\":\"https:\\\/\\\/www.see-marketing.de\\\/fotografie\\\/#\\\/schema\\\/logo\\\/image\\\/\"},\"sameAs\":[\"https:\\\/\\\/www.facebook.com\\\/marianne.kaindl\"]}]}<\/script>\n<!-- \/ Yoast SEO plugin. -->","yoast_head_json":{"title":"Foto-Workshop Schloss Elmau | Marianne Kaindl - Fotografie: Businessportr\u00e4ts, Hotelfotografie, KI-Art","description":"Foto-Workshop auf Schloss Elmau - ein Hotel, das von der ersten Stunde an konzipiert wurde als Ort, an dem produktiver Austausch geschieht.","robots":{"index":"index","follow":"follow","max-snippet":"max-snippet:-1","max-image-preview":"max-image-preview:large","max-video-preview":"max-video-preview:-1"},"canonical":"https:\/\/www.see-marketing.de\/fotografie\/schloss-elmau\/","og_locale":"de_DE","og_type":"article","og_title":"Foto-Workshop Schloss Elmau | Marianne Kaindl - Fotografie: Businessportr\u00e4ts, Hotelfotografie, KI-Art","og_description":"Foto-Workshop auf Schloss Elmau - ein Hotel, das von der ersten Stunde an konzipiert wurde als Ort, an dem produktiver Austausch geschieht.","og_url":"https:\/\/www.see-marketing.de\/fotografie\/schloss-elmau\/","og_site_name":"Marianne Kaindl - Fotografie: Businessportr\u00e4ts, Hotelfotografie, KI-Art","article_publisher":"https:\/\/www.facebook.com\/marianne.kaindl","article_modified_time":"2022-06-30T13:53:38+00:00","og_image":[{"width":1500,"height":1000,"url":"https:\/\/www.see-marketing.de\/fotografie\/wp-content\/uploads\/marianne-kaindl_schloss-elmau3.jpg","type":"image\/jpeg"}],"twitter_card":"summary_large_image","twitter_misc":{"Gesch\u00e4tzte Lesezeit":"4\u00a0Minuten"},"schema":{"@context":"https:\/\/schema.org","@graph":[{"@type":"WebPage","@id":"https:\/\/www.see-marketing.de\/fotografie\/schloss-elmau\/","url":"https:\/\/www.see-marketing.de\/fotografie\/schloss-elmau\/","name":"Foto-Workshop Schloss Elmau | Marianne Kaindl - Fotografie: Businessportr\u00e4ts, Hotelfotografie, KI-Art","isPartOf":{"@id":"https:\/\/www.see-marketing.de\/fotografie\/#website"},"primaryImageOfPage":{"@id":"https:\/\/www.see-marketing.de\/fotografie\/schloss-elmau\/#primaryimage"},"image":{"@id":"https:\/\/www.see-marketing.de\/fotografie\/schloss-elmau\/#primaryimage"},"thumbnailUrl":"https:\/\/www.see-marketing.de\/fotografie\/wp-content\/uploads\/marianne-kaindl_schloss-elmau3.jpg","datePublished":"2022-06-22T14:36:21+00:00","dateModified":"2022-06-30T13:53:38+00:00","description":"Foto-Workshop auf Schloss Elmau - ein Hotel, das von der ersten Stunde an konzipiert wurde als Ort, an dem produktiver Austausch geschieht.","breadcrumb":{"@id":"https:\/\/www.see-marketing.de\/fotografie\/schloss-elmau\/#breadcrumb"},"inLanguage":"de","potentialAction":[{"@type":"ReadAction","target":["https:\/\/www.see-marketing.de\/fotografie\/schloss-elmau\/"]}]},{"@type":"ImageObject","inLanguage":"de","@id":"https:\/\/www.see-marketing.de\/fotografie\/schloss-elmau\/#primaryimage","url":"https:\/\/www.see-marketing.de\/fotografie\/wp-content\/uploads\/marianne-kaindl_schloss-elmau3.jpg","contentUrl":"https:\/\/www.see-marketing.de\/fotografie\/wp-content\/uploads\/marianne-kaindl_schloss-elmau3.jpg","width":1500,"height":1000,"caption":"Schloss Elmau"},{"@type":"BreadcrumbList","@id":"https:\/\/www.see-marketing.de\/fotografie\/schloss-elmau\/#breadcrumb","itemListElement":[{"@type":"ListItem","position":1,"name":"Startseite","item":"https:\/\/www.see-marketing.de\/fotografie\/"},{"@type":"ListItem","position":2,"name":"Foto-Workshop Schloss Elmau"}]},{"@type":"WebSite","@id":"https:\/\/www.see-marketing.de\/fotografie\/#website","url":"https:\/\/www.see-marketing.de\/fotografie\/","name":"Marianne Kaindl - Fotografie: Businessportr\u00e4ts, Hotelfotografie, KI-Art","description":"Fotos, die verzaubern und verkaufen","publisher":{"@id":"https:\/\/www.see-marketing.de\/fotografie\/#organization"},"potentialAction":[{"@type":"SearchAction","target":{"@type":"EntryPoint","urlTemplate":"https:\/\/www.see-marketing.de\/fotografie\/?s={search_term_string}"},"query-input":{"@type":"PropertyValueSpecification","valueRequired":true,"valueName":"search_term_string"}}],"inLanguage":"de"},{"@type":"Organization","@id":"https:\/\/www.see-marketing.de\/fotografie\/#organization","name":"See-Marketing","url":"https:\/\/www.see-marketing.de\/fotografie\/","logo":{"@type":"ImageObject","inLanguage":"de","@id":"https:\/\/www.see-marketing.de\/fotografie\/#\/schema\/logo\/image\/","url":"https:\/\/www.see-marketing.de\/fotografie\/wp-content\/uploads\/mk_seemarketing.png","contentUrl":"https:\/\/www.see-marketing.de\/fotografie\/wp-content\/uploads\/mk_seemarketing.png","width":400,"height":100,"caption":"See-Marketing"},"image":{"@id":"https:\/\/www.see-marketing.de\/fotografie\/#\/schema\/logo\/image\/"},"sameAs":["https:\/\/www.facebook.com\/marianne.kaindl"]}]}},"_links":{"self":[{"href":"https:\/\/www.see-marketing.de\/fotografie\/wp-json\/wp\/v2\/pages\/6614","targetHints":{"allow":["GET"]}}],"collection":[{"href":"https:\/\/www.see-marketing.de\/fotografie\/wp-json\/wp\/v2\/pages"}],"about":[{"href":"https:\/\/www.see-marketing.de\/fotografie\/wp-json\/wp\/v2\/types\/page"}],"author":[{"embeddable":true,"href":"https:\/\/www.see-marketing.de\/fotografie\/wp-json\/wp\/v2\/users\/1"}],"replies":[{"embeddable":true,"href":"https:\/\/www.see-marketing.de\/fotografie\/wp-json\/wp\/v2\/comments?post=6614"}],"version-history":[{"count":0,"href":"https:\/\/www.see-marketing.de\/fotografie\/wp-json\/wp\/v2\/pages\/6614\/revisions"}],"wp:featuredmedia":[{"embeddable":true,"href":"https:\/\/www.see-marketing.de\/fotografie\/wp-json\/wp\/v2\/media\/6638"}],"wp:attachment":[{"href":"https:\/\/www.see-marketing.de\/fotografie\/wp-json\/wp\/v2\/media?parent=6614"}],"curies":[{"name":"wp","href":"https:\/\/api.w.org\/{rel}","templated":true}]}}